{"id":6476,"date":"2023-06-16T06:16:34","date_gmt":"2023-06-16T09:16:34","guid":{"rendered":"https:\/\/nutrineem.com.br\/?page_id=6476"},"modified":"2023-06-16T06:17:55","modified_gmt":"2023-06-16T09:17:55","slug":"informacoes-de-entrega","status":"publish","type":"page","link":"https:\/\/nutrineem.com.br\/?page_id=6476","title":{"rendered":"Informa\u00e7\u00f5es de entrega"},"content":{"rendered":"\t\t<div data-elementor-type=\"wp-page\" data-elementor-id=\"6476\" class=\"elementor elementor-6476\">\n\t\t\t\t\t\t\t\t\t<section class=\"elementor-section elementor-top-section elementor-element elementor-element-2364e60 elementor-section-boxed elementor-section-height-default elementor-section-height-default\" data-id=\"2364e60\" data-element_type=\"section\">\n\t\t\t\t\t\t<div class=\"elementor-container elementor-column-gap-default\">\n\t\t\t\t\t<div class=\"elementor-column elementor-col-100 elementor-top-column elementor-element elementor-element-a7eadd8\" data-id=\"a7eadd8\" data-element_type=\"column\">\n\t\t\t<div class=\"elementor-widget-wrap elementor-element-populated\">\n\t\t\t\t\t\t\t\t<div class=\"elementor-element elementor-element-a497c41 elementor-widget elementor-widget-text-editor\" data-id=\"a497c41\" data-element_type=\"widget\" data-widget_type=\"text-editor.default\">\n\t\t\t\t<div class=\"elementor-widget-container\">\n\t\t\t<style>\/*! elementor - v3.15.0 - 09-08-2023 *\/\n.elementor-widget-text-editor.elementor-drop-cap-view-stacked .elementor-drop-cap{background-color:#69727d;color:#fff}.elementor-widget-text-editor.elementor-drop-cap-view-framed .elementor-drop-cap{color:#69727d;border:3px solid;background-color:transparent}.elementor-widget-text-editor:not(.elementor-drop-cap-view-default) .elementor-drop-cap{margin-top:8px}.elementor-widget-text-editor:not(.elementor-drop-cap-view-default) .elementor-drop-cap-letter{width:1em;height:1em}.elementor-widget-text-editor .elementor-drop-cap{float:left;text-align:center;line-height:1;font-size:50px}.elementor-widget-text-editor .elementor-drop-cap-letter{display:inline-block}<\/style>\t\t\t\t<div class=\"extended-container\"><div id=\"container\" class=\"container j-container\"><div class=\"row\"><div id=\"content\" class=\"col-sm-12\"><div class=\"group w-full text-gray-800 dark:text-gray-100 border-b border-black\/10 dark:border-gray-900\/50 bg-gray-50 dark:bg-[#444654]\"><div class=\"flex p-4 gap-4 text-base md:gap-6 md:max-w-2xl lg:max-w-[38rem] xl:max-w-3xl md:py-6 lg:px-0 m-auto\"><div class=\"relative flex w-[calc(100%-50px)] flex-col gap-1 md:gap-3 lg:w-[calc(100%-115px)]\"><div class=\"flex flex-grow flex-col gap-3\"><div class=\"min-h-[20px] flex flex-col items-start gap-4 whitespace-pre-wrap break-words\"><div class=\"markdown prose w-full break-words dark:prose-invert light\"><h1>SOBRE A ENTREGA.<\/h1><p>N\u00f3s automatizamos o c\u00e1lculo dos fretes por meio dos Correios e realizamos entregas em todo o Brasil, desde que atendidos os requisitos dos Correios em rela\u00e7\u00e3o ao tamanho e peso dos produtos e embalagens, de acordo com suas pol\u00edticas e normas estabelecidas.<\/p><\/div><\/div><\/div><div class=\"flex justify-between lg:block\"><div class=\"text-gray-400 flex self-end lg:self-center justify-center mt-2 gap-2 md:gap-3 lg:gap-1 lg:absolute lg:top-0 lg:translate-x-full lg:right-0 lg:mt-0 lg:pl-2 visible\"><div class=\"flex gap-1\">\u00a0<\/div><\/div><\/div><\/div><\/div><\/div><\/div><\/div><\/div><\/div>\t\t\t\t\t\t<\/div>\n\t\t\t\t<\/div>\n\t\t\t\t\t<\/div>\n\t\t<\/div>\n\t\t\t\t\t\t\t<\/div>\n\t\t<\/section>\n\t\t\t\t\t\t\t<\/div>\n\t\t","protected":false},"excerpt":{"rendered":"<p>SOBRE A ENTREGA. N\u00f3s automatizamos o c\u00e1lculo dos fretes por meio dos Correios e realizamos entregas em todo&#8230;<\/p>\n","protected":false},"author":1,"featured_media":0,"parent":0,"menu_order":0,"comment_status":"closed","ping_status":"closed","template":"","meta":{"om_disable_all_campaigns":false,"inline_featured_image":false,"_monsterinsights_skip_tracking":false,"_monsterinsights_sitenote_active":false,"_monsterinsights_sitenote_note":"","_monsterinsights_sitenote_category":0},"aioseo_notices":[],"_links":{"self":[{"href":"https:\/\/nutrineem.com.br\/index.php?rest_route=\/wp\/v2\/pages\/6476"}],"collection":[{"href":"https:\/\/nutrineem.com.br\/index.php?rest_route=\/wp\/v2\/pages"}],"about":[{"href":"https:\/\/nutrineem.com.br\/index.php?rest_route=\/wp\/v2\/types\/page"}],"author":[{"embeddable":true,"href":"https:\/\/nutrineem.com.br\/index.php?rest_route=\/wp\/v2\/users\/1"}],"replies":[{"embeddable":true,"href":"https:\/\/nutrineem.com.br\/index.php?rest_route=%2Fwp%2Fv2%2Fcomments&post=6476"}],"version-history":[{"count":7,"href":"https:\/\/nutrineem.com.br\/index.php?rest_route=\/wp\/v2\/pages\/6476\/revisions"}],"predecessor-version":[{"id":6483,"href":"https:\/\/nutrineem.com.br\/index.php?rest_route=\/wp\/v2\/pages\/6476\/revisions\/6483"}],"wp:attachment":[{"href":"https:\/\/nutrineem.com.br\/index.php?rest_route=%2Fwp%2Fv2%2Fmedia&parent=6476"}],"curies":[{"name":"wp","href":"https:\/\/api.w.org\/{rel}","templated":true}]}}